{"id":9,"date":"2026-02-15T14:56:52","date_gmt":"2026-02-15T13:56:52","guid":{"rendered":"https:\/\/marioobst.net\/photography\/?page_id=9"},"modified":"2026-02-15T14:56:52","modified_gmt":"2026-02-15T13:56:52","slug":"datenschutzerklaerung","status":"publish","type":"page","link":"https:\/\/marioobst.net\/photography\/datenschutzerklaerung\/","title":{"rendered":"Privacy Policy"},"content":{"rendered":"\n<p><strong>For legal reasons under German law, <\/strong><br><strong>the privacy policy (Datenschutzerkl\u00e4rung) is provided exclusively in German on this page.<\/strong><\/p>\n\n\n\n<h2 class=\"wp-block-heading\">Datenschutzerkl\u00e4rung <\/h2>\n\n\n\n<h3 class=\"wp-block-heading\">1. Verantwortlicher<\/h3>\n\n\n\n<p><strong>Mario V.W.B.R. Obst<\/strong><br>(Mario Volker Walter Bernhard Rosemarie Obst)<br>c\/o&nbsp;<a href=\"https:\/\/sscerfurt.de\/\" target=\"_blank\" rel=\"noreferrer noopener\">Erfurter Sch\u00fctzenvereinigung Steiger-Sch\u00fctzen-Corps e. V.<\/a><br>Sch\u00fctzenstra\u00dfe 10<br>99096 Erfurt<br>Deutschland<\/p>\n\n\n\n<p>E-Mail:&nbsp;datenschutz@marioobst.net<br>Telefon: +49 1757 116303<\/p>\n\n\n\n<hr class=\"wp-block-separator has-alpha-channel-opacity\"\/>\n\n\n\n<h3 class=\"wp-block-heading\">2. Hosting<\/h3>\n\n\n\n<p>Diese Website wird bei\u00a0<a href=\"https:\/\/united-domains.de\/\" target=\"_blank\" rel=\"noreferrer noopener\">united-domains<\/a>\u00a0GmbH, Gautinger Stra\u00dfe 10, 82319 Starnberg, Deutschland gehostet.\u00a0<a href=\"https:\/\/united-domains.de\/\" target=\"_blank\" rel=\"noreferrer noopener\">united-domains<\/a>\u00a0erhebt und speichert automatisch Informationen in sogenannten Server-Logfiles, die Ihr Browser automatisch \u00fcbermittelt. Dies sind:<\/p>\n\n\n\n<ul class=\"wp-block-list\">\n<li>Browsertyp und Browserversion<\/li>\n\n\n\n<li>verwendetes Betriebssystem<\/li>\n\n\n\n<li>Referrer-URL<\/li>\n\n\n\n<li>Hostname des zugreifenden Rechners<\/li>\n\n\n\n<li>Uhrzeit der Serveranfrage<\/li>\n\n\n\n<li>IP-Adresse<\/li>\n<\/ul>\n\n\n\n<p>Die Speicherung erfolgt auf Grundlage von Art. 6 Abs. 1 f DSGVO (berechtigtes Interesse an der sicheren und st\u00f6rungsfreien Bereitstellung der Website). Es wurde mit <a href=\"https:\/\/united-domains.de\/\" target=\"_blank\" rel=\"noreferrer noopener\">united-domains<\/a>\u00a0ein Auftragsverarbeitungsvertrag (AVV) abgeschlossen.<\/p>\n\n\n\n<hr class=\"wp-block-separator has-alpha-channel-opacity\"\/>\n\n\n\n<h3 class=\"wp-block-heading\">3. Erfassung und Speicherung personenbezogener Daten<\/h3>\n\n\n\n<h4 class=\"wp-block-heading\">a) Besuch der Website<\/h4>\n\n\n\n<p>Beim Aufrufen meiner Website werden durch den Browser automatisch Informationen an den Server meiner Website gesendet. Diese Daten sind technisch erforderlich, um die Website korrekt anzuzeigen und werden tempor\u00e4r gespeichert.<\/p>\n\n\n\n<h4 class=\"wp-block-heading\">b) Kontaktaufnahme<\/h4>\n\n\n\n<p>Wenn Sie mich via E-Mail oder Telefon kontaktieren, werden die von Ihnen \u00fcbermittelten Daten (z. B. Name, Telefonnummer, E-Mail-Adresse, Nachrichtentext) zur Bearbeitung der Anfrage gespeichert.<\/p>\n\n\n\n<hr class=\"wp-block-separator has-alpha-channel-opacity\"\/>\n\n\n\n<h3 class=\"wp-block-heading\">4. Cookies<\/h3>\n\n\n\n<p>Diese Website verwendet Cookies. Cookies sind kleine Textdateien, die auf Ihrem Endger\u00e4t gespeichert werden und Informationen enthalten.<\/p>\n\n\n\n<p>Eingesetzt werden:<\/p>\n\n\n\n<ul class=\"wp-block-list\">\n<li><strong>Essentielle Cookies<\/strong>&nbsp;\u2013 notwendig f\u00fcr den Betrieb der Website<\/li>\n\n\n\n<li><strong>Analyse-Cookies<\/strong>&nbsp;\u2013 nur mit Einwilligung \u00fcber das Cookie-Banner (Google Analytics)<\/li>\n<\/ul>\n\n\n\n<p>Sie k\u00f6nnen Cookies jederzeit \u00fcber Ihre Browsereinstellungen l\u00f6schen oder blockieren.<\/p>\n\n\n\n<hr class=\"wp-block-separator has-alpha-channel-opacity\"\/>\n\n\n\n<h3 class=\"wp-block-heading\">5. Analyse-Tools<\/h3>\n\n\n\n<h4 class=\"wp-block-heading\">Google Analytics<\/h4>\n\n\n\n<p>Diese Website nutzt den Webanalysedienst Google Analytics der Google Ireland Limited, Gordon House, Barrow Street, Dublin 4, Irland. Google Analytics verwendet Cookies, um eine Analyse der Benutzung der Website zu erm\u00f6glichen.<br>Die IP-Anonymisierung ist aktiviert (\u201eanonymizeIp\u201c), sodass Ihre IP-Adresse gek\u00fcrzt wird.<\/p>\n\n\n\n<p>Rechtsgrundlage: Ihre Einwilligung (Art. 6 Abs. 1 a DSGVO).<\/p>\n\n\n\n<p>Widerspruch: Sie k\u00f6nnen die Erfassung Ihrer Daten durch Google Analytics jederzeit verhindern, indem Sie im Cookie-Banner die Analyse-Cookies deaktivieren oder das Browser-Add-on von Google verwenden.<\/p>\n\n\n\n<hr class=\"wp-block-separator has-alpha-channel-opacity\"\/>\n\n\n\n<h3 class=\"wp-block-heading\">6. Eingebettete Inhalte und externe Dienste<\/h3>\n\n\n\n<h4 class=\"wp-block-heading\">YouTube<\/h4>\n\n\n\n<p>Hier werden Videos von YouTube (Google Ireland Limited) ein. Dabei k\u00f6nnen Daten (z. B. IP-Adresse, aufgerufene Seiten) an Google-Server \u00fcbermittelt werden.<\/p>\n\n\n\n<p>Rechtsgrundlage: Einwilligung (Art. 6 Abs. 1 a DSGVO).<\/p>\n\n\n\n<h4 class=\"wp-block-heading\">Google Fonts<\/h4>\n\n\n\n<p>Zur einheitlichen Darstellung von Schriftarten nutzt diese Website Google Fonts. Beim Aufruf einer Seite l\u00e4dt Ihr Browser die ben\u00f6tigten Fonts von den Google-Servern.<\/p>\n\n\n\n<p>Rechtsgrundlage: Einwilligung (Art. 6 Abs. 1 a DSGVO).<\/p>\n\n\n\n<hr class=\"wp-block-separator has-alpha-channel-opacity\"\/>\n\n\n\n<h3 class=\"wp-block-heading\">7. Ihre Rechte<\/h3>\n\n\n\n<p>Sie haben jederzeit das Recht:<\/p>\n\n\n\n<ul class=\"wp-block-list\">\n<li>Auskunft \u00fcber Ihre gespeicherten Daten zu erhalten (Art. 15 DSGVO)<\/li>\n\n\n\n<li>Berichtigung unrichtiger Daten zu verlangen (Art. 16 DSGVO)<\/li>\n\n\n\n<li>L\u00f6schung Ihrer Daten zu verlangen (Art. 17 DSGVO)<\/li>\n\n\n\n<li>Einschr\u00e4nkung der Verarbeitung zu verlangen (Art. 18 DSGVO)<\/li>\n\n\n\n<li>Widerspruch gegen die Verarbeitung einzulegen (Art. 21 DSGVO)<\/li>\n\n\n\n<li>Daten\u00fcbertragbarkeit zu verlangen (Art. 20 DSGVO)<\/li>\n\n\n\n<li>Eine erteilte Einwilligung jederzeit zu widerrufen (Art. 7 Abs. 3 DSGVO)<\/li>\n\n\n\n<li>Sich bei einer Aufsichtsbeh\u00f6rde zu beschweren (Art. 77 DSGVO)<\/li>\n<\/ul>\n\n\n\n<hr class=\"wp-block-separator has-alpha-channel-opacity\"\/>\n\n\n\n<h3 class=\"wp-block-heading\">8. Zust\u00e4ndige Datenschutzaufsichtsbeh\u00f6rde<\/h3>\n\n\n\n<p><strong>Th\u00fcringer Landesbeauftragte f\u00fcr den Datenschutz und die Informationsfreiheit<\/strong><br>H\u00e4\u00dflerstra\u00dfe 8<br>99096 Erfurt<br>Telefon: +49 361 573112900<br>E-Mail: poststelle@datenschutz.thueringen.de<\/p>\n\n\n\n<hr class=\"wp-block-separator has-alpha-channel-opacity\"\/>\n\n\n\n<h3 class=\"wp-block-heading\">9. Aktualit\u00e4t<\/h3>\n\n\n\n<p>Diese Datenschutzerkl\u00e4rung ist aktuell g\u00fcltig und hat den Stand:\u00a0<br>15. Februar 2026<\/p>\n\n\n\n<p>Es wird vorbehalten, die Datenschutzerkl\u00e4rung bei \u00c4nderungen meiner Website oder der gesetzlichen Vorgaben zu aktualisieren.<\/p>\n\n\n\n<hr class=\"wp-block-separator has-alpha-channel-opacity\"\/>\n\n\n\n<p><\/p>\n","protected":false},"excerpt":{"rendered":"<p>For legal reasons under German law, the privacy policy (Datenschutzerkl\u00e4rung) is provided exclusively in German on this page. Datenschutzerkl\u00e4rung 1. Verantwortlicher Mario V.W.B.R. Obst(Mario Volker Walter Bernhard Rosemarie Obst)c\/o&nbsp;Erfurter Sch\u00fctzenvereinigung Steiger-Sch\u00fctzen-Corps e. V.Sch\u00fctzenstra\u00dfe 1099096 ErfurtDeutschland E-Mail:&nbsp;datenschutz@marioobst.netTelefon: +49 1757 116303 2. Hosting Diese Website wird bei\u00a0united-domains\u00a0GmbH, Gautinger Stra\u00dfe 10, 82319 Starnberg, Deutschland gehostet.\u00a0united-domains\u00a0erhebt und speichert automatisch &hellip; <\/p>\n<p class=\"link-more\"><a href=\"https:\/\/marioobst.net\/photography\/datenschutzerklaerung\/\" class=\"more-link\">Read more<span class=\"screen-reader-text\"> &#8220;Privacy Policy&#8221;<\/span><\/a><\/p>\n","protected":false},"author":2,"featured_media":156,"parent":0,"menu_order":0,"comment_status":"closed","ping_status":"closed","template":"","meta":{"_inspiro_hide_title":false,"footnotes":""},"class_list":["post-9","page","type-page","status-publish","has-post-thumbnail","hentry"],"_links":{"self":[{"href":"https:\/\/marioobst.net\/photography\/wp-json\/wp\/v2\/pages\/9","targetHints":{"allow":["GET"]}}],"collection":[{"href":"https:\/\/marioobst.net\/photography\/wp-json\/wp\/v2\/pages"}],"about":[{"href":"https:\/\/marioobst.net\/photography\/wp-json\/wp\/v2\/types\/page"}],"author":[{"embeddable":true,"href":"https:\/\/marioobst.net\/photography\/wp-json\/wp\/v2\/users\/2"}],"replies":[{"embeddable":true,"href":"https:\/\/marioobst.net\/photography\/wp-json\/wp\/v2\/comments?post=9"}],"version-history":[{"count":7,"href":"https:\/\/marioobst.net\/photography\/wp-json\/wp\/v2\/pages\/9\/revisions"}],"predecessor-version":[{"id":234,"href":"https:\/\/marioobst.net\/photography\/wp-json\/wp\/v2\/pages\/9\/revisions\/234"}],"wp:featuredmedia":[{"embeddable":true,"href":"https:\/\/marioobst.net\/photography\/wp-json\/wp\/v2\/media\/156"}],"wp:attachment":[{"href":"https:\/\/marioobst.net\/photography\/wp-json\/wp\/v2\/media?parent=9"}],"curies":[{"name":"wp","href":"https:\/\/api.w.org\/{rel}","templated":true}]}}