{"id":12,"date":"2026-01-27T08:48:54","date_gmt":"2026-01-27T07:48:54","guid":{"rendered":"https:\/\/marioobst.net\/photography\/?page_id=12"},"modified":"2026-01-27T08:48:54","modified_gmt":"2026-01-27T07:48:54","slug":"impressum","status":"publish","type":"page","link":"https:\/\/marioobst.net\/photography\/impressum\/","title":{"rendered":"Legal Disclosure"},"content":{"rendered":"\n<p><strong>For legal reasons under German law, <br>the legal disclosure (Impressum) is provided exclusively in German on this page.<\/strong><\/p>\n\n\n\n<h2 class=\"wp-block-heading\">Impressum<\/h2>\n\n\n\n<p><strong>Mario V.W.B.R. Obst<br><\/strong>(Mario Volker Walter Bernhard Rosemarie Obst)<br>c\/o <a href=\"https:\/\/sscerfurt.de\" target=\"_blank\" rel=\"noreferrer noopener\">Erfurter Sch\u00fctzenvereinigung Steiger-Sch\u00fctzen-Corps e. V.<\/a><br>Sch\u00fctzenstra\u00dfe 10<br>99096 Erfurt<br>Deutschland<br><br>Telefon: +49 175 7116303<br>E-Mail: impressum@marioobst.net<\/p>\n\n\n\n<hr class=\"wp-block-separator has-alpha-channel-opacity is-style-wide\"\/>\n\n\n\n<h2 class=\"wp-block-heading\">Verantwortlich f\u00fcr den Inhalt nach \u00a7 18 Abs. 2 MStV<\/h2>\n\n\n\n<p><strong>Mario V.W.B.R. Obst<br><\/strong>c\/o <a href=\"https:\/\/sscerfurt.de\" target=\"_blank\" rel=\"noreferrer noopener\">Erfurter Sch\u00fctzenvereinigung Steiger-Sch\u00fctzen-Corps e. V.<\/a><br>Sch\u00fctzenstra\u00dfe 10<br>99096 Erfurt<br>Deutschland<\/p>\n\n\n\n<hr class=\"wp-block-separator has-alpha-channel-opacity\"\/>\n\n\n\n<h2 class=\"wp-block-heading\">Haftungsausschluss<\/h2>\n\n\n\n<p><strong>Haftung f\u00fcr Inhalte<br><\/strong>Die Inhalte dieser Seiten wurden mit gr\u00f6\u00dfter Sorgfalt erstellt. F\u00fcr die Richtigkeit, Vollst\u00e4ndigkeit und Aktualit\u00e4t der Inhalte k\u00f6nnen ich jedoch keine Gew\u00e4hr \u00fcbernehmen. Als Verantwortlicher bin ich gem\u00e4\u00df \u00a7 7 Abs. 1 DDG f\u00fcr eigene Inhalte auf diesen Seiten nach den allgemeinen Gesetzen verantwortlich. Nach \u00a7\u00a7 8 bis 10 DDG bin ich als Verantwortlicher jedoch nicht verpflichtet, \u00fcbermittelte oder gespeicherte fremde Informationen zu \u00fcberwachen oder nach Umst\u00e4nden zu forschen, die auf eine rechtswidrige T\u00e4tigkeit hinweisen. Verpflichtungen zur Entfernung oder Sperrung der Nutzung von Informationen nach den allgemeinen Gesetzen bleiben hiervon unber\u00fchrt. Eine diesbez\u00fcgliche Haftung ist jedoch erst ab dem Zeitpunkt der Kenntnis einer konkreten Rechtsverletzung m\u00f6glich. Bei Bekanntwerden von entsprechenden Rechtsverletzungen werde ich diese Inhalte umgehend entfernen.<\/p>\n\n\n\n<p><strong>Haftung f\u00fcr Links<br><\/strong>Dieses Angebot enth\u00e4lt Links zu externen Websites Dritter, auf deren Inhalte ich keinen Einfluss habe. Deshalb kann ich f\u00fcr diese fremden Inhalte auch keine Gew\u00e4hr \u00fcbernehmen. F\u00fcr die Inhalte der verlinkten Seiten ist stets der jeweilige Anbieter oder Betreiber der Seiten verantwortlich. Die verlinkten Seiten wurden zum Zeitpunkt der Verlinkung auf m\u00f6gliche Rechtsverst\u00f6\u00dfe \u00fcberpr\u00fcft. Rechtswidrige Inhalte waren zum Zeitpunkt der Verlinkung nicht erkennbar. Eine permanente inhaltliche Kontrolle der verlinkten Seiten ist jedoch ohne konkrete Anhaltspunkte einer Rechtsverletzung nicht zumutbar. Bei Bekanntwerden von Rechtsverletzungen werde ich derartige Links umgehend entfernen.<\/p>\n\n\n\n<p><strong>Urheberrecht<\/strong><br>Die durch den Seitenbetreiber erstellten Inhalte und Werke auf diesen Seiten unterliegen dem deutschen Urheberrecht. Beitr\u00e4ge Dritter sind als solche gekennzeichnet. Die Vervielf\u00e4ltigung, Bearbeitung, Verbreitung und jede Art der Verwertung au\u00dferhalb der Grenzen des Urheberrechts bed\u00fcrfen der schriftlichen Zustimmung des jeweiligen Autors bzw. Erstellers. Downloads und Kopien dieser Seite sind nur f\u00fcr den privaten, nicht kommerziellen Gebrauch gestattet.<\/p>\n\n\n\n<hr class=\"wp-block-separator has-alpha-channel-opacity is-style-wide\"\/>\n","protected":false},"excerpt":{"rendered":"<p>For legal reasons under German law, the legal disclosure (Impressum) is provided exclusively in German on this page. Impressum Mario V.W.B.R. Obst(Mario Volker Walter Bernhard Rosemarie Obst)c\/o Erfurter Sch\u00fctzenvereinigung Steiger-Sch\u00fctzen-Corps e. V.Sch\u00fctzenstra\u00dfe 1099096 ErfurtDeutschland Telefon: +49 175 7116303E-Mail: impressum@marioobst.net Verantwortlich f\u00fcr den Inhalt nach \u00a7 18 Abs. 2 MStV Mario V.W.B.R. Obstc\/o Erfurter Sch\u00fctzenvereinigung Steiger-Sch\u00fctzen-Corps &hellip; <\/p>\n<p class=\"link-more\"><a href=\"https:\/\/marioobst.net\/photography\/impressum\/\" class=\"more-link\">Read more<span class=\"screen-reader-text\"> &#8220;Legal Disclosure&#8221;<\/span><\/a><\/p>\n","protected":false},"author":2,"featured_media":150,"parent":0,"menu_order":0,"comment_status":"closed","ping_status":"closed","template":"","meta":{"_inspiro_hide_title":false,"footnotes":""},"class_list":["post-12","page","type-page","status-publish","has-post-thumbnail","hentry"],"_links":{"self":[{"href":"https:\/\/marioobst.net\/photography\/wp-json\/wp\/v2\/pages\/12","targetHints":{"allow":["GET"]}}],"collection":[{"href":"https:\/\/marioobst.net\/photography\/wp-json\/wp\/v2\/pages"}],"about":[{"href":"https:\/\/marioobst.net\/photography\/wp-json\/wp\/v2\/types\/page"}],"author":[{"embeddable":true,"href":"https:\/\/marioobst.net\/photography\/wp-json\/wp\/v2\/users\/2"}],"replies":[{"embeddable":true,"href":"https:\/\/marioobst.net\/photography\/wp-json\/wp\/v2\/comments?post=12"}],"version-history":[{"count":5,"href":"https:\/\/marioobst.net\/photography\/wp-json\/wp\/v2\/pages\/12\/revisions"}],"predecessor-version":[{"id":151,"href":"https:\/\/marioobst.net\/photography\/wp-json\/wp\/v2\/pages\/12\/revisions\/151"}],"wp:featuredmedia":[{"embeddable":true,"href":"https:\/\/marioobst.net\/photography\/wp-json\/wp\/v2\/media\/150"}],"wp:attachment":[{"href":"https:\/\/marioobst.net\/photography\/wp-json\/wp\/v2\/media?parent=12"}],"curies":[{"name":"wp","href":"https:\/\/api.w.org\/{rel}","templated":true}]}}