{"id":85,"date":"2026-04-11T18:47:31","date_gmt":"2026-04-11T16:47:31","guid":{"rendered":"https:\/\/marioobst.net\/diablo\/?page_id=85"},"modified":"2026-04-13T06:19:38","modified_gmt":"2026-04-13T04:19:38","slug":"impressum","status":"publish","type":"page","link":"https:\/\/marioobst.net\/diablo\/impressum\/","title":{"rendered":"Impressum"},"content":{"rendered":"\n<h2 class=\"wp-block-heading\">Anbieterkennzeichnung<\/h2>\n\n\n\n<p><a href=\"https:\/\/diablo.studio\">Diablo.Studio<\/a><br>Tattoo, Piercing &amp; BodMod<br>Inhaber: Sven Haufe<\/p>\n\n\n\n<p>Erfurter Stra\u00dfe 22<br>99423 Weimar<\/p>\n\n\n\n<p>Telefon: 03643 493955<\/p>\n\n\n\n<p>E-Mail: impressum@diablo.studio<\/p>\n\n\n\n<p>Umsatzsteuer-ID: [DExxxxxxxxx ]<\/p>\n\n\n\n<p>Aufsichtsbeh\u00f6rde:<br>Gesundheitsamt der Stadt Weimar<\/p>\n\n\n\n<p>Postanschrift:<br>Stadtverwaltung Weimar<br>Gesundheitsamt<br>Markt\u00a013\/14<br>99423 Weimar<br>Telefon: 03643 762-752<\/p>\n\n\n\n<p>Online-Streitbeilegung:<br>Die EU-Kommission betreibt eine Plattform zur Online-Streitbeilegung: <a href=\"https:\/\/consumer-redress.ec.europa.eu\/index_de\" target=\"_blank\" rel=\"noreferrer noopener\">https:\/\/consumer-redress.ec.europa.eu\/index_de<\/a> <\/p>\n\n\n\n<p>Gewerbeanmeldung:<br>Beim Ordnungsamt Weimar, Weimar-Th\u00fcringen<\/p>\n\n\n\n<p>Datenschutzerkl\u00e4rung: <a href=\"https:\/\/marioobst.net\/diablo\/datenschutzerklaerung\/\">https:\/\/marioobst.net\/diablo\/datenschutzerklaerung\/<\/a><\/p>\n\n\n\n<hr class=\"wp-block-separator has-alpha-channel-opacity is-style-wide\"\/>\n\n\n\n<p><strong>Haftung f\u00fcr Inhalte<br><\/strong>Die Inhalte dieser Website wurden mit gr\u00f6\u00dfter Sorgfalt erstellt. F\u00fcr die Richtigkeit, Vollst\u00e4ndigkeit und Aktualit\u00e4t kann jedoch keine Gew\u00e4hr \u00fcbernommen werden.<\/p>\n\n\n\n<p><strong>Haftung f\u00fcr Links<br><\/strong>Auf dieser Website sind Links zu externen Websites Dritter enthalten, auf deren Inhalte kein Einfluss besteht. F\u00fcr diese fremden Inhalte wird keine Gew\u00e4hr \u00fcbernommen. Der jeweilige Anbieter der verlinkten Seiten ist f\u00fcr deren Inhalte verantwortlich.<\/p>\n\n\n\n<p><strong>Urheberrecht<br><\/strong>Die von Diablo.Studio erstellten Inhalte und Werke auf dieser Website unterliegen dem deutschen Urheberrecht. Eine Vervielf\u00e4ltigung oder Verwendung au\u00dferhalb der Grenzen des Urheberrechtes bedarf der schriftlichen Zustimmung.<\/p>\n\n\n\n<p><strong>Bildnachweise<br><\/strong>Die verwendeten Bilder stammen von uns selbst oder Pexels (<a href=\"https:\/\/www.pexels.com\/de-de\/lizenz\/\" target=\"_blank\" rel=\"noreferrer noopener\">https:\/\/www.pexels.com\/de-de\/lizenz\/<\/a>). Eine Nennung des Fotografen ist willkommen, aber nicht zwingend erforderlich.<\/p>\n\n\n\n<p><\/p>\n","protected":false},"excerpt":{"rendered":"<p>Impressum Diablo Tattoo Weimar: Tattoo, Piercing &#038; BodMod. Inhaber Sven Haufe, Erfurter Str. 22, 99423 Weimar. Kontakt &#038; rechtliche Infos.<\/p>\n","protected":false},"author":1,"featured_media":90,"parent":0,"menu_order":0,"comment_status":"closed","ping_status":"closed","template":"","meta":{"inspiro_hide_title":false,"footnotes":""},"class_list":["post-85","page","type-page","status-publish","has-post-thumbnail","hentry"],"_links":{"self":[{"href":"https:\/\/marioobst.net\/diablo\/wp-json\/wp\/v2\/pages\/85","targetHints":{"allow":["GET"]}}],"collection":[{"href":"https:\/\/marioobst.net\/diablo\/wp-json\/wp\/v2\/pages"}],"about":[{"href":"https:\/\/marioobst.net\/diablo\/wp-json\/wp\/v2\/types\/page"}],"author":[{"embeddable":true,"href":"https:\/\/marioobst.net\/diablo\/wp-json\/wp\/v2\/users\/1"}],"replies":[{"embeddable":true,"href":"https:\/\/marioobst.net\/diablo\/wp-json\/wp\/v2\/comments?post=85"}],"version-history":[{"count":4,"href":"https:\/\/marioobst.net\/diablo\/wp-json\/wp\/v2\/pages\/85\/revisions"}],"predecessor-version":[{"id":135,"href":"https:\/\/marioobst.net\/diablo\/wp-json\/wp\/v2\/pages\/85\/revisions\/135"}],"wp:featuredmedia":[{"embeddable":true,"href":"https:\/\/marioobst.net\/diablo\/wp-json\/wp\/v2\/media\/90"}],"wp:attachment":[{"href":"https:\/\/marioobst.net\/diablo\/wp-json\/wp\/v2\/media?parent=85"}],"curies":[{"name":"wp","href":"https:\/\/api.w.org\/{rel}","templated":true}]}}