{"id":8,"date":"2026-04-04T16:21:19","date_gmt":"2026-04-04T14:21:19","guid":{"rendered":"https:\/\/marioobst.net\/diablo\/?page_id=8"},"modified":"2026-04-13T08:32:48","modified_gmt":"2026-04-13T06:32:48","slug":"diablo-tattoo-piercing-weimar","status":"publish","type":"page","link":"https:\/\/marioobst.net\/diablo\/","title":{"rendered":"Ja, es tut weh!"},"content":{"rendered":"\n<p>Aber genau darin liegt ein Teil der Erfahrung: echte Entscheidungen, echte Kunst und echte Ergebnisse. Bei Diablo Tattoo + Piercing bekommst du individuelle Arbeiten, sauber umgesetzt und mit dem Blick f\u00fcrs Detail. <\/p>\n\n\n\n<h2 class=\"wp-block-heading\">\u00dcber uns<\/h2>\n\n\n\n<p>In unserem Studio in Weimar stehen Qualit\u00e4t, Kreativit\u00e4t und pers\u00f6nliche Beratung im Mittelpunkt. Ob Tattoo, Piercing oder BodMod \u2013 wir nehmen uns Zeit f\u00fcr deine W\u00fcnsche und setzen auf professionelle Arbeit in einer angenehmen und direkten Atmosph\u00e4re.<br>Auf unserer Webseite findest du einen ersten \u00dcberblick \u00fcber unser Studio und unsere Leistungen. F\u00fcr alles Weitere gilt: Am besten lernt man sich pers\u00f6nlich kennen.<\/p>\n\n\n\n<figure class=\"wp-block-gallery has-nested-images columns-5 is-cropped wp-block-gallery-1 is-layout-flex wp-block-gallery-is-layout-flex\">\n<figure data-wp-context=\"{&quot;imageId&quot;:&quot;69e631c930768&quot;}\" data-wp-interactive=\"core\/image\" data-wp-key=\"69e631c930768\" class=\"wp-block-image size-large is-style-default wp-lightbox-container\"><img loading=\"lazy\" decoding=\"async\" width=\"243\" height=\"365\" data-wp-class--hide=\"state.isContentHidden\" data-wp-class--show=\"state.isContentVisible\" data-wp-init=\"callbacks.setButtonStyles\" data-wp-on--click=\"actions.showLightbox\" data-wp-on--load=\"callbacks.setButtonStyles\" data-wp-on-window--resize=\"callbacks.setButtonStyles\" data-id=\"143\" src=\"https:\/\/marioobst.net\/diablo\/wp-content\/uploads\/2026\/04\/Diablo-Tattoo-Weimar-Studio-Bild-5.jpg\" alt=\"Diablo Tattoo Weimar Studio\" class=\"wp-image-143\" srcset=\"https:\/\/marioobst.net\/diablo\/wp-content\/uploads\/2026\/04\/Diablo-Tattoo-Weimar-Studio-Bild-5.jpg 243w, https:\/\/marioobst.net\/diablo\/wp-content\/uploads\/2026\/04\/Diablo-Tattoo-Weimar-Studio-Bild-5-200x300.jpg 200w\" sizes=\"auto, (max-width: 243px) 100vw, 243px\" \/><button\n\t\t\tclass=\"lightbox-trigger\"\n\t\t\ttype=\"button\"\n\t\t\taria-haspopup=\"dialog\"\n\t\t\taria-label=\"Vergr\u00f6\u00dfern\"\n\t\t\tdata-wp-init=\"callbacks.initTriggerButton\"\n\t\t\tdata-wp-on--click=\"actions.showLightbox\"\n\t\t\tdata-wp-style--right=\"state.imageButtonRight\"\n\t\t\tdata-wp-style--top=\"state.imageButtonTop\"\n\t\t>\n\t\t\t<svg xmlns=\"http:\/\/www.w3.org\/2000\/svg\" width=\"12\" height=\"12\" fill=\"none\" viewBox=\"0 0 12 12\">\n\t\t\t\t<path fill=\"#fff\" d=\"M2 0a2 2 0 0 0-2 2v2h1.5V2a.5.5 0 0 1 .5-.5h2V0H2Zm2 10.5H2a.5.5 0 0 1-.5-.5V8H0v2a2 2 0 0 0 2 2h2v-1.5ZM8 12v-1.5h2a.5.5 0 0 0 .5-.5V8H12v2a2 2 0 0 1-2 2H8Zm2-12a2 2 0 0 1 2 2v2h-1.5V2a.5.5 0 0 0-.5-.5H8V0h2Z\" \/>\n\t\t\t<\/svg>\n\t\t<\/button><\/figure>\n\n\n\n<figure data-wp-context=\"{&quot;imageId&quot;:&quot;69e631c930b65&quot;}\" data-wp-interactive=\"core\/image\" data-wp-key=\"69e631c930b65\" class=\"wp-block-image size-large wp-lightbox-container\"><img loading=\"lazy\" decoding=\"async\" width=\"243\" height=\"365\" data-wp-class--hide=\"state.isContentHidden\" data-wp-class--show=\"state.isContentVisible\" data-wp-init=\"callbacks.setButtonStyles\" data-wp-on--click=\"actions.showLightbox\" data-wp-on--load=\"callbacks.setButtonStyles\" data-wp-on-window--resize=\"callbacks.setButtonStyles\" data-id=\"141\" src=\"https:\/\/marioobst.net\/diablo\/wp-content\/uploads\/2026\/04\/Diablo-Tattoo-Weimar-Studio-Bild-3.jpg\" alt=\"Diablo Tattoo Weimar Studio\" class=\"wp-image-141\" srcset=\"https:\/\/marioobst.net\/diablo\/wp-content\/uploads\/2026\/04\/Diablo-Tattoo-Weimar-Studio-Bild-3.jpg 243w, https:\/\/marioobst.net\/diablo\/wp-content\/uploads\/2026\/04\/Diablo-Tattoo-Weimar-Studio-Bild-3-200x300.jpg 200w\" sizes=\"auto, (max-width: 243px) 100vw, 243px\" \/><button\n\t\t\tclass=\"lightbox-trigger\"\n\t\t\ttype=\"button\"\n\t\t\taria-haspopup=\"dialog\"\n\t\t\taria-label=\"Vergr\u00f6\u00dfern\"\n\t\t\tdata-wp-init=\"callbacks.initTriggerButton\"\n\t\t\tdata-wp-on--click=\"actions.showLightbox\"\n\t\t\tdata-wp-style--right=\"state.imageButtonRight\"\n\t\t\tdata-wp-style--top=\"state.imageButtonTop\"\n\t\t>\n\t\t\t<svg xmlns=\"http:\/\/www.w3.org\/2000\/svg\" width=\"12\" height=\"12\" fill=\"none\" viewBox=\"0 0 12 12\">\n\t\t\t\t<path fill=\"#fff\" d=\"M2 0a2 2 0 0 0-2 2v2h1.5V2a.5.5 0 0 1 .5-.5h2V0H2Zm2 10.5H2a.5.5 0 0 1-.5-.5V8H0v2a2 2 0 0 0 2 2h2v-1.5ZM8 12v-1.5h2a.5.5 0 0 0 .5-.5V8H12v2a2 2 0 0 1-2 2H8Zm2-12a2 2 0 0 1 2 2v2h-1.5V2a.5.5 0 0 0-.5-.5H8V0h2Z\" \/>\n\t\t\t<\/svg>\n\t\t<\/button><\/figure>\n\n\n\n<figure data-wp-context=\"{&quot;imageId&quot;:&quot;69e631c930e6d&quot;}\" data-wp-interactive=\"core\/image\" data-wp-key=\"69e631c930e6d\" class=\"wp-block-image size-large wp-lightbox-container\"><img loading=\"lazy\" decoding=\"async\" width=\"243\" height=\"365\" data-wp-class--hide=\"state.isContentHidden\" data-wp-class--show=\"state.isContentVisible\" data-wp-init=\"callbacks.setButtonStyles\" data-wp-on--click=\"actions.showLightbox\" data-wp-on--load=\"callbacks.setButtonStyles\" data-wp-on-window--resize=\"callbacks.setButtonStyles\" data-id=\"142\" src=\"https:\/\/marioobst.net\/diablo\/wp-content\/uploads\/2026\/04\/Diablo-Tattoo-Weimar-Studio-Bild-4.jpg\" alt=\"Diablo Tattoo Weimar Studio\" class=\"wp-image-142\" srcset=\"https:\/\/marioobst.net\/diablo\/wp-content\/uploads\/2026\/04\/Diablo-Tattoo-Weimar-Studio-Bild-4.jpg 243w, https:\/\/marioobst.net\/diablo\/wp-content\/uploads\/2026\/04\/Diablo-Tattoo-Weimar-Studio-Bild-4-200x300.jpg 200w\" sizes=\"auto, (max-width: 243px) 100vw, 243px\" \/><button\n\t\t\tclass=\"lightbox-trigger\"\n\t\t\ttype=\"button\"\n\t\t\taria-haspopup=\"dialog\"\n\t\t\taria-label=\"Vergr\u00f6\u00dfern\"\n\t\t\tdata-wp-init=\"callbacks.initTriggerButton\"\n\t\t\tdata-wp-on--click=\"actions.showLightbox\"\n\t\t\tdata-wp-style--right=\"state.imageButtonRight\"\n\t\t\tdata-wp-style--top=\"state.imageButtonTop\"\n\t\t>\n\t\t\t<svg xmlns=\"http:\/\/www.w3.org\/2000\/svg\" width=\"12\" height=\"12\" fill=\"none\" viewBox=\"0 0 12 12\">\n\t\t\t\t<path fill=\"#fff\" d=\"M2 0a2 2 0 0 0-2 2v2h1.5V2a.5.5 0 0 1 .5-.5h2V0H2Zm2 10.5H2a.5.5 0 0 1-.5-.5V8H0v2a2 2 0 0 0 2 2h2v-1.5ZM8 12v-1.5h2a.5.5 0 0 0 .5-.5V8H12v2a2 2 0 0 1-2 2H8Zm2-12a2 2 0 0 1 2 2v2h-1.5V2a.5.5 0 0 0-.5-.5H8V0h2Z\" \/>\n\t\t\t<\/svg>\n\t\t<\/button><\/figure>\n\n\n\n<figure data-wp-context=\"{&quot;imageId&quot;:&quot;69e631c9310fa&quot;}\" data-wp-interactive=\"core\/image\" data-wp-key=\"69e631c9310fa\" class=\"wp-block-image size-large wp-lightbox-container\"><img loading=\"lazy\" decoding=\"async\" width=\"243\" height=\"365\" data-wp-class--hide=\"state.isContentHidden\" data-wp-class--show=\"state.isContentVisible\" data-wp-init=\"callbacks.setButtonStyles\" data-wp-on--click=\"actions.showLightbox\" data-wp-on--load=\"callbacks.setButtonStyles\" data-wp-on-window--resize=\"callbacks.setButtonStyles\" data-id=\"140\" src=\"https:\/\/marioobst.net\/diablo\/wp-content\/uploads\/2026\/04\/Diablo-Tattoo-Weimar-Studio-Bild-2.jpg\" alt=\"Diablo Tattoo Weimar Studio\" class=\"wp-image-140\" srcset=\"https:\/\/marioobst.net\/diablo\/wp-content\/uploads\/2026\/04\/Diablo-Tattoo-Weimar-Studio-Bild-2.jpg 243w, https:\/\/marioobst.net\/diablo\/wp-content\/uploads\/2026\/04\/Diablo-Tattoo-Weimar-Studio-Bild-2-200x300.jpg 200w\" sizes=\"auto, (max-width: 243px) 100vw, 243px\" \/><button\n\t\t\tclass=\"lightbox-trigger\"\n\t\t\ttype=\"button\"\n\t\t\taria-haspopup=\"dialog\"\n\t\t\taria-label=\"Vergr\u00f6\u00dfern\"\n\t\t\tdata-wp-init=\"callbacks.initTriggerButton\"\n\t\t\tdata-wp-on--click=\"actions.showLightbox\"\n\t\t\tdata-wp-style--right=\"state.imageButtonRight\"\n\t\t\tdata-wp-style--top=\"state.imageButtonTop\"\n\t\t>\n\t\t\t<svg xmlns=\"http:\/\/www.w3.org\/2000\/svg\" width=\"12\" height=\"12\" fill=\"none\" viewBox=\"0 0 12 12\">\n\t\t\t\t<path fill=\"#fff\" d=\"M2 0a2 2 0 0 0-2 2v2h1.5V2a.5.5 0 0 1 .5-.5h2V0H2Zm2 10.5H2a.5.5 0 0 1-.5-.5V8H0v2a2 2 0 0 0 2 2h2v-1.5ZM8 12v-1.5h2a.5.5 0 0 0 .5-.5V8H12v2a2 2 0 0 1-2 2H8Zm2-12a2 2 0 0 1 2 2v2h-1.5V2a.5.5 0 0 0-.5-.5H8V0h2Z\" \/>\n\t\t\t<\/svg>\n\t\t<\/button><\/figure>\n\n\n\n<figure data-wp-context=\"{&quot;imageId&quot;:&quot;69e631c931374&quot;}\" data-wp-interactive=\"core\/image\" data-wp-key=\"69e631c931374\" class=\"wp-block-image size-large wp-lightbox-container\"><img loading=\"lazy\" decoding=\"async\" width=\"243\" height=\"365\" data-wp-class--hide=\"state.isContentHidden\" data-wp-class--show=\"state.isContentVisible\" data-wp-init=\"callbacks.setButtonStyles\" data-wp-on--click=\"actions.showLightbox\" data-wp-on--load=\"callbacks.setButtonStyles\" data-wp-on-window--resize=\"callbacks.setButtonStyles\" data-id=\"139\" src=\"https:\/\/marioobst.net\/diablo\/wp-content\/uploads\/2026\/04\/Diablo-Tattoo-Weimar-Studio-Bild-1.jpg\" alt=\"Diablo Tattoo Weimar Studio\" class=\"wp-image-139\" srcset=\"https:\/\/marioobst.net\/diablo\/wp-content\/uploads\/2026\/04\/Diablo-Tattoo-Weimar-Studio-Bild-1.jpg 243w, https:\/\/marioobst.net\/diablo\/wp-content\/uploads\/2026\/04\/Diablo-Tattoo-Weimar-Studio-Bild-1-200x300.jpg 200w\" sizes=\"auto, (max-width: 243px) 100vw, 243px\" \/><button\n\t\t\tclass=\"lightbox-trigger\"\n\t\t\ttype=\"button\"\n\t\t\taria-haspopup=\"dialog\"\n\t\t\taria-label=\"Vergr\u00f6\u00dfern\"\n\t\t\tdata-wp-init=\"callbacks.initTriggerButton\"\n\t\t\tdata-wp-on--click=\"actions.showLightbox\"\n\t\t\tdata-wp-style--right=\"state.imageButtonRight\"\n\t\t\tdata-wp-style--top=\"state.imageButtonTop\"\n\t\t>\n\t\t\t<svg xmlns=\"http:\/\/www.w3.org\/2000\/svg\" width=\"12\" height=\"12\" fill=\"none\" viewBox=\"0 0 12 12\">\n\t\t\t\t<path fill=\"#fff\" d=\"M2 0a2 2 0 0 0-2 2v2h1.5V2a.5.5 0 0 1 .5-.5h2V0H2Zm2 10.5H2a.5.5 0 0 1-.5-.5V8H0v2a2 2 0 0 0 2 2h2v-1.5ZM8 12v-1.5h2a.5.5 0 0 0 .5-.5V8H12v2a2 2 0 0 1-2 2H8Zm2-12a2 2 0 0 1 2 2v2h-1.5V2a.5.5 0 0 0-.5-.5H8V0h2Z\" \/>\n\t\t\t<\/svg>\n\t\t<\/button><\/figure>\n<\/figure>\n\n\n\n<h2 class=\"wp-block-heading\">Beratung und Termine<\/h2>\n\n\n\n<p>Wenn du Fragen zu Preisen, Motiven oder deinem Wunschprojekt hast, komm bitte direkt bei uns im Studio vorbei. So k\u00f6nnen wir dein Vorhaben in Ruhe besprechen, Details kl\u00e4ren und gemeinsam die beste L\u00f6sung f\u00fcr dich finden. <\/p>\n\n\n\n<p>F\u00fcr die Terminvereinbarung ist eine Anzahlung erforderlich. Das gilt besonders bei aufwendigeren Tattoo-Projekten und individuellen Motivbesprechungen. <\/p>\n\n\n\n<h2 class=\"wp-block-heading\">Leistungen<\/h2>\n\n\n\n<ul class=\"wp-block-list\">\n<li><strong>Tattoos<\/strong> \u2013 individuelle Motive, kreative Entw\u00fcrfe und professionelle Umsetzung.<\/li>\n\n\n\n<li><strong>Piercings<\/strong> \u2013 saubere Arbeit, sichere Verfahren und kompetente Beratung.<\/li>\n\n\n\n<li><strong>BodMod<\/strong> \u2013 Body Modification, der Wunsch nach neuer \u00c4sthetik.<\/li>\n\n\n\n<li><strong>Pers\u00f6nliche Besprechung<\/strong> \u2013 direkt, ehrlich und auf dein Vorhaben abgestimmt.<\/li>\n<\/ul>\n\n\n\n<p><\/p>\n","protected":false},"excerpt":{"rendered":"<p>Profi Tattoo- &#038; Piercing-Studio Weimar: Qualit\u00e4t, Kreativit\u00e4t &#038; pers\u00f6nliche Beratung. Deine W\u00fcnsche werden mit Stil und entspannter Atmosph\u00e4re wahr.<\/p>\n","protected":false},"author":1,"featured_media":6,"parent":0,"menu_order":0,"comment_status":"closed","ping_status":"closed","template":"","meta":{"inspiro_hide_title":false,"footnotes":""},"class_list":["post-8","page","type-page","status-publish","has-post-thumbnail","hentry"],"_links":{"self":[{"href":"https:\/\/marioobst.net\/diablo\/wp-json\/wp\/v2\/pages\/8","targetHints":{"allow":["GET"]}}],"collection":[{"href":"https:\/\/marioobst.net\/diablo\/wp-json\/wp\/v2\/pages"}],"about":[{"href":"https:\/\/marioobst.net\/diablo\/wp-json\/wp\/v2\/types\/page"}],"author":[{"embeddable":true,"href":"https:\/\/marioobst.net\/diablo\/wp-json\/wp\/v2\/users\/1"}],"replies":[{"embeddable":true,"href":"https:\/\/marioobst.net\/diablo\/wp-json\/wp\/v2\/comments?post=8"}],"version-history":[{"count":13,"href":"https:\/\/marioobst.net\/diablo\/wp-json\/wp\/v2\/pages\/8\/revisions"}],"predecessor-version":[{"id":145,"href":"https:\/\/marioobst.net\/diablo\/wp-json\/wp\/v2\/pages\/8\/revisions\/145"}],"wp:featuredmedia":[{"embeddable":true,"href":"https:\/\/marioobst.net\/diablo\/wp-json\/wp\/v2\/media\/6"}],"wp:attachment":[{"href":"https:\/\/marioobst.net\/diablo\/wp-json\/wp\/v2\/media?parent=8"}],"curies":[{"name":"wp","href":"https:\/\/api.w.org\/{rel}","templated":true}]}}