{"id":74,"date":"2026-04-11T17:18:11","date_gmt":"2026-04-11T15:18:11","guid":{"rendered":"https:\/\/marioobst.net\/diablo\/?page_id=74"},"modified":"2026-04-11T19:19:24","modified_gmt":"2026-04-11T17:19:24","slug":"bodmod","status":"publish","type":"page","link":"https:\/\/marioobst.net\/diablo\/bodmod\/","title":{"rendered":"BodMod"},"content":{"rendered":"\n<h2 class=\"wp-block-heading\"><strong>K\u00f6rper als Ausdruck<\/strong><\/h2>\n\n\n\n<h3 class=\"wp-block-heading\"><strong>Zwischen Identit\u00e4t, Wandel und Entscheidung<\/strong><\/h3>\n\n\n\n<p>Es beginnt oft mit einem Gedanken, der sich nicht mehr absch\u00fctteln l\u00e4sst. Ein Gef\u00fchl, dass der eigene K\u00f6rper mehr sein kann als das, was er gerade ist \u2013 eine Fl\u00e4che f\u00fcr Ausdruck, f\u00fcr Ver\u00e4nderung, f\u00fcr Identit\u00e4t. Body Modification ist kein spontaner Impuls, sondern h\u00e4ufig ein bewusster Weg, der Zeit, Reflexion und Mut erfordert.<\/p>\n\n\n\n<p>Manche entscheiden sich f\u00fcr kleine, subtile Ver\u00e4nderungen, andere f\u00fcr deutlich sichtbare Eingriffe. Piercings, Tattoos, Implantate oder andere Formen der Modifikation werden dabei zu pers\u00f6nlichen Markierungen. Sie erz\u00e4hlen nicht nur etwas \u00fcber \u00c4sthetik, sondern \u00fcber Entscheidungen, Grenzen und das Verh\u00e4ltnis zum eigenen K\u00f6rper.<\/p>\n\n\n\n<p>Dabei ist BodMod immer auch ein Dialog \u2013 zwischen innerem Empfinden und \u00e4u\u00dferer Form. Zwischen dem Wunsch, sich selbst n\u00e4her zu kommen, und der Frage, wie viel Ver\u00e4nderung sich richtig anf\u00fchlt. Jeder Schritt ist individuell, jeder K\u00f6rper reagiert anders, jede Geschichte verl\u00e4uft auf ihre eigene Weise.<\/p>\n\n\n\n<p><\/p>\n","protected":false},"excerpt":{"rendered":"<p>Body Modification ist kein spontaner Impuls, sondern h\u00e4ufig ein bewusster Weg, der Zeit, Reflexion und Mut erfordert.<\/p>\n","protected":false},"author":1,"featured_media":77,"parent":0,"menu_order":0,"comment_status":"closed","ping_status":"closed","template":"","meta":{"inspiro_hide_title":false,"footnotes":""},"class_list":["post-74","page","type-page","status-publish","has-post-thumbnail","hentry"],"_links":{"self":[{"href":"https:\/\/marioobst.net\/diablo\/wp-json\/wp\/v2\/pages\/74","targetHints":{"allow":["GET"]}}],"collection":[{"href":"https:\/\/marioobst.net\/diablo\/wp-json\/wp\/v2\/pages"}],"about":[{"href":"https:\/\/marioobst.net\/diablo\/wp-json\/wp\/v2\/types\/page"}],"author":[{"embeddable":true,"href":"https:\/\/marioobst.net\/diablo\/wp-json\/wp\/v2\/users\/1"}],"replies":[{"embeddable":true,"href":"https:\/\/marioobst.net\/diablo\/wp-json\/wp\/v2\/comments?post=74"}],"version-history":[{"count":2,"href":"https:\/\/marioobst.net\/diablo\/wp-json\/wp\/v2\/pages\/74\/revisions"}],"predecessor-version":[{"id":101,"href":"https:\/\/marioobst.net\/diablo\/wp-json\/wp\/v2\/pages\/74\/revisions\/101"}],"wp:featuredmedia":[{"embeddable":true,"href":"https:\/\/marioobst.net\/diablo\/wp-json\/wp\/v2\/media\/77"}],"wp:attachment":[{"href":"https:\/\/marioobst.net\/diablo\/wp-json\/wp\/v2\/media?parent=74"}],"curies":[{"name":"wp","href":"https:\/\/api.w.org\/{rel}","templated":true}]}}