{"id":159,"date":"2026-04-13T16:42:35","date_gmt":"2026-04-13T14:42:35","guid":{"rendered":"https:\/\/marioobst.net\/diablo\/?page_id=159"},"modified":"2026-04-13T17:13:19","modified_gmt":"2026-04-13T15:13:19","slug":"diablo-info","status":"publish","type":"page","link":"https:\/\/marioobst.net\/diablo\/diablo-info\/","title":{"rendered":"Diablo Info"},"content":{"rendered":"<form role=\"search\" method=\"get\" action=\"https:\/\/marioobst.net\/diablo\/\" class=\"wp-block-search__button-outside wp-block-search__text-button wp-block-search\"    ><label class=\"wp-block-search__label\" for=\"wp-block-search__input-1\" >Suchen<\/label><div class=\"wp-block-search__inside-wrapper\" ><input class=\"wp-block-search__input\" id=\"wp-block-search__input-1\" placeholder=\"\" value=\"\" type=\"search\" name=\"s\" required \/><button aria-label=\"Suchen\" class=\"wp-block-search__button wp-element-button\" type=\"submit\" >Suchen<\/button><\/div><\/form>\n\n\n<hr class=\"wp-block-separator has-alpha-channel-opacity\"\/>\n\n\n<ul class=\"wp-block-latest-posts__list is-grid columns-3 has-author wp-block-latest-posts\"><li><a class=\"wp-block-latest-posts__post-title\" href=\"https:\/\/marioobst.net\/diablo\/die-faszinierende-reise-der-tattoos\/\">Die faszinierende Reise der Tattoos<\/a><div class=\"wp-block-latest-posts__post-author\">von Mario V.W.B.R. Obst<\/div><div class=\"wp-block-latest-posts__post-excerpt\">Entdecke die Geschichte der Tattoos: von den \u00e4ltesten Mumien-Funden in \u00c4gypten \u00fcber polynesisches Tatau bis zu modernen Trends wie Fineline und Blackwork.<\/div><\/li>\n<li><a class=\"wp-block-latest-posts__post-title\" href=\"https:\/\/marioobst.net\/diablo\/pflegeempfehlung-nach-dem-taetowieren\/\">Pflegeempfehlung nach dem T\u00e4towieren<\/a><div class=\"wp-block-latest-posts__post-author\">von Mario V.W.B.R. Obst<\/div><div class=\"wp-block-latest-posts__post-excerpt\">Endlich ist es soweit \u2013 dein neues Tattoo ist fertig! Es war sch\u00f6n, ein bisschen schmerzhaft und sicher nicht billig. <\/div><\/li>\n<li><a class=\"wp-block-latest-posts__post-title\" href=\"https:\/\/marioobst.net\/diablo\/pflegehinweise-zu-deinem-neuen-piercing\/\">Pflegehinweise zu deinem neuen Piercing<\/a><div class=\"wp-block-latest-posts__post-author\">von Mario V.W.B.R. Obst<\/div><div class=\"wp-block-latest-posts__post-excerpt\">In unserem Tattoo- und Piercingstudio gelten grunds\u00e4tzliche Pflegema\u00dfnahmen, die ausf\u00fchrlich mit dir als unserem Kunden besprochen werden.<\/div><\/li>\n<\/ul>\n\n\n<p><\/p>\n\n\n\n<p><\/p>\n","protected":false},"excerpt":{"rendered":"","protected":false},"author":1,"featured_media":0,"parent":0,"menu_order":0,"comment_status":"closed","ping_status":"closed","template":"","meta":{"inspiro_hide_title":false,"footnotes":""},"class_list":["post-159","page","type-page","status-publish","hentry"],"_links":{"self":[{"href":"https:\/\/marioobst.net\/diablo\/wp-json\/wp\/v2\/pages\/159","targetHints":{"allow":["GET"]}}],"collection":[{"href":"https:\/\/marioobst.net\/diablo\/wp-json\/wp\/v2\/pages"}],"about":[{"href":"https:\/\/marioobst.net\/diablo\/wp-json\/wp\/v2\/types\/page"}],"author":[{"embeddable":true,"href":"https:\/\/marioobst.net\/diablo\/wp-json\/wp\/v2\/users\/1"}],"replies":[{"embeddable":true,"href":"https:\/\/marioobst.net\/diablo\/wp-json\/wp\/v2\/comments?post=159"}],"version-history":[{"count":3,"href":"https:\/\/marioobst.net\/diablo\/wp-json\/wp\/v2\/pages\/159\/revisions"}],"predecessor-version":[{"id":166,"href":"https:\/\/marioobst.net\/diablo\/wp-json\/wp\/v2\/pages\/159\/revisions\/166"}],"wp:attachment":[{"href":"https:\/\/marioobst.net\/diablo\/wp-json\/wp\/v2\/media?parent=159"}],"curies":[{"name":"wp","href":"https:\/\/api.w.org\/{rel}","templated":true}]}}